{"id":11,"date":"2016-04-14T12:56:35","date_gmt":"2016-04-14T12:56:35","guid":{"rendered":"http:\/\/klubrodaku.cz\/?page_id=11"},"modified":"2016-04-14T13:21:24","modified_gmt":"2016-04-14T13:21:24","slug":"historie-klubu","status":"publish","type":"page","link":"http:\/\/klubrodaku.cz\/?page_id=11","title":{"rendered":"Historie klubu"},"content":{"rendered":"<p style=\"font-weight: 300;\">Klub vznikl z\u00a0iniciativy Erv\u00edna B\u00e1rtka, pozd\u011bji \u010destn\u00e9ho ob\u010dana m\u011bsta Nov\u00fd Ji\u010d\u00edn, v\u00a0sou\u010dinnosti s\u00a0n\u011bkolika dal\u0161\u00edmi novoji\u010d\u00ednsk\u00fdmi patrioty v\u00a0roce 1994. Da\u0159ilo se organizovat pestrou \u010dinnost, kter\u00e1 v pom\u011brn\u011b kr\u00e1tk\u00e9 dob\u011b p\u0159il\u00e1kala na 200 \u010dlen\u016f, p\u0159ev\u00e1\u017en\u011b rod\u00e1k\u016f a ob\u010dan\u016f Nov\u00e9ho Ji\u010d\u00edna. Pokud bychom shrnuli v\u0161echny dosud uskute\u010dn\u011bn\u00e9 p\u0159edn\u00e1\u0161ky, besedy, vernis\u00e1\u017ee, kulturn\u00ed akce, pozn\u00e1vac\u00ed v\u00fdjezdy apod., bylo by jich u\u017e tak\u00e9 na dv\u011b st\u011b. \u010clenov\u00e9 i dal\u0161\u00ed \u00fa\u010dastn\u00edci tak m\u011bli mo\u017enost v\u00fdznamn\u011b obohatit sv\u00e9 znalosti o sv\u00e9m m\u011bst\u011b, o jeho historii, sledovali stopy v\u00fdznamn\u00fdch krajan\u016f, iniciovali a v\u00fdznamn\u011b spolupracovali p\u0159i vyd\u00e1v\u00e1n\u00ed publikac\u00ed o m\u011bst\u011b a jeho proslul\u00fdch rod\u00e1c\u00edch a stejn\u011b tak se zaj\u00edmali o m\u00edsta a osobnosti nejbli\u017e\u0161\u00edho okol\u00ed. V posledn\u00ed dob\u011b se rovn\u011b\u017e klub zasazuje o vznik r\u016fzn\u00fdch artefakt\u016f ve\u00a0m\u011bst\u011b a v okoln\u00ed krajin\u011b a stejn\u011b tak o prezentaci n\u011bkdej\u0161\u00ed kultury a folkl\u00f3ru, kter\u00fd se vytratil s\u00a0odchodem n\u011bkdej\u0161\u00edho obyvatelstva m\u011bsta po 2. sv\u011btov\u00e9 v\u00e1lce. P\u0159edsedou klubu byl od jeho ustanoven\u00ed do nenad\u00e1l\u00e9ho odchodu v\u00a0r. 2000 Erv\u00edn B\u00e1rtek, n\u00e1sleduj\u00edc\u00ed 2 roky Jaroslav Merenda a od r. 2003 Pavel Wessely.<\/p>\n<p style=\"font-weight: 300;\">\u00a0\u00a0\u00a0\u00a0Klub rod\u00e1k\u016f nab\u00edz\u00ed sv\u00e9 \u010dlenstv\u00ed v\u0161em ob\u010dan\u016fm, kte\u0159\u00ed maj\u00ed r\u00e1di sv\u00e9 m\u011bsto, cht\u011bj\u00ed se o n\u011bm v\u00edce dov\u011bd\u011bt a cht\u011bj\u00ed p\u0159\u00edpadn\u011b i p\u0159isp\u011bt k\u00a0jeho dal\u0161\u00edmu rozvoji.<\/p>\n","protected":false},"excerpt":{"rendered":"<p>Klub vznikl z\u00a0iniciativy Erv\u00edna B\u00e1rtka, pozd\u011bji \u010destn\u00e9ho ob\u010dana m\u011bsta Nov\u00fd Ji\u010d\u00edn, v\u00a0sou\u010dinnosti s\u00a0n\u011bkolika dal\u0161\u00edmi novoji\u010d\u00ednsk\u00fdmi patrioty v\u00a0roce 1994. Da\u0159ilo se organizovat pestrou \u010dinnost, kter\u00e1 v pom\u011brn\u011b kr\u00e1tk\u00e9 dob\u011b p\u0159il\u00e1kala na 200 \u010dlen\u016f, p\u0159ev\u00e1\u017en\u011b rod\u00e1k\u016f a ob\u010dan\u016f Nov\u00e9ho Ji\u010d\u00edna. Pokud bychom shrnuli v\u0161echny dosud uskute\u010dn\u011bn\u00e9 p\u0159edn\u00e1\u0161ky, besedy, vernis\u00e1\u017ee, kulturn\u00ed akce, pozn\u00e1vac\u00ed v\u00fdjezdy apod., bylo by jich [&hellip;]<\/p>\n","protected":false},"author":1,"featured_media":0,"parent":0,"menu_order":6,"comment_status":"closed","ping_status":"open","template":"","meta":{"footnotes":""},"publishpress_future_action":{"enabled":false,"date":"1970-01-01 01:00:00","action":"","terms":[],"taxonomy":"","browser_timezone_offset":0},"_links":{"self":[{"href":"http:\/\/klubrodaku.cz\/index.php?rest_route=\/wp\/v2\/pages\/11"}],"collection":[{"href":"http:\/\/klubrodaku.cz\/index.php?rest_route=\/wp\/v2\/pages"}],"about":[{"href":"http:\/\/klubrodaku.cz\/index.php?rest_route=\/wp\/v2\/types\/page"}],"author":[{"embeddable":true,"href":"http:\/\/klubrodaku.cz\/index.php?rest_route=\/wp\/v2\/users\/1"}],"replies":[{"embeddable":true,"href":"http:\/\/klubrodaku.cz\/index.php?rest_route=%2Fwp%2Fv2%2Fcomments&post=11"}],"version-history":[{"count":1,"href":"http:\/\/klubrodaku.cz\/index.php?rest_route=\/wp\/v2\/pages\/11\/revisions"}],"predecessor-version":[{"id":12,"href":"http:\/\/klubrodaku.cz\/index.php?rest_route=\/wp\/v2\/pages\/11\/revisions\/12"}],"wp:attachment":[{"href":"http:\/\/klubrodaku.cz\/index.php?rest_route=%2Fwp%2Fv2%2Fmedia&parent=11"}],"curies":[{"name":"wp","href":"https:\/\/api.w.org\/{rel}","templated":true}]}}