{"id":18,"date":"2016-04-14T13:09:44","date_gmt":"2016-04-14T13:09:44","guid":{"rendered":"http:\/\/klubrodaku.cz\/?page_id=18"},"modified":"2016-04-14T13:20:46","modified_gmt":"2016-04-14T13:20:46","slug":"knihovnicka","status":"publish","type":"page","link":"http:\/\/klubrodaku.cz\/?page_id=18","title":{"rendered":"Knihovni\u010dka"},"content":{"rendered":"<div class=\"text\" style=\"font-weight: 300; color: #373737;\">Od 31.b\u0159ezna 2008 je v provozu knihovn(i\u010dk)a&#8230;<\/div>\n<div class=\"text\" style=\"font-weight: 300; color: #373737;\">pro \u010dleny klubu je p\u0159ipraveno v sou\u010dasn\u00e9 dob\u011b na\u00a0 120\u00a0 titul\u016f, maj\u00edc\u00edch souvislost s \u010dinnost\u00ed klubu:<br \/>\nO Nov\u00e9m Ji\u010d\u00edn\u011b, o jeho osobnostech, o sousedn\u00edch obc\u00edch a m\u011bstech, o partnersk\u00fdch m\u011bstech Nov\u00e9ho Ji\u010d\u00edna, o m\u011bstech a m\u00edstech, kter\u00e1 jsme v minulosti nav\u0161t\u00edvili, o kulturn\u00edch pam\u00e1tk\u00e1ch a pod.<br \/>\nKnihy si mohou \u010dlenov\u00e9 klubu bezplatn\u011b zap\u016fj\u010dit v klubovn\u011b Na ba\u0161t\u011b , v\u017edy v pond\u011bl\u00ed a ve st\u0159edu od 15,00 do 16,00, kdy je obslou\u017e\u00ed knihovnice pan\u00ed Krista Mi\u010dkov\u00e1. P\u0159edpokl\u00e1d\u00e1 se navr\u00e1cen\u00ed v\u00fdp\u016fj\u010dky do jednoho, nejpozd\u011bji do dvou t\u00fddn\u016f.<\/div>\n<div class=\"text\" style=\"font-weight: 300; color: #373737;\"><\/div>\n<div class=\"text\" style=\"font-weight: 300; color: #373737;\"><\/div>\n<p>&nbsp;<\/p>\n<div class=\"text\" style=\"font-weight: 300; color: #373737;\"><strong>Zde je ke sta\u017een<\/strong>\u00ed <a href=\"https:\/\/docs.google.com\/viewer?url=http%3A%2F%2Fmedia1.webgarden.name%2Ffiles%2Fmedia1%3A510843427c407.xls.upl%2Fseznam%2520knihovna%2520190410.xls\" target=\"_blank\">seznam knih ve form\u00e1tu *.xls<\/a>\u00a0.<\/div>\n<div class=\"text\" style=\"font-weight: 300; color: #373737;\"><\/div>\n","protected":false},"excerpt":{"rendered":"<p>Od 31.b\u0159ezna 2008 je v provozu knihovn(i\u010dk)a&#8230; pro \u010dleny klubu je p\u0159ipraveno v sou\u010dasn\u00e9 dob\u011b na\u00a0 120\u00a0 titul\u016f, maj\u00edc\u00edch souvislost s \u010dinnost\u00ed klubu: O Nov\u00e9m Ji\u010d\u00edn\u011b, o jeho osobnostech, o sousedn\u00edch obc\u00edch a m\u011bstech, o partnersk\u00fdch m\u011bstech Nov\u00e9ho Ji\u010d\u00edna, o m\u011bstech a m\u00edstech, kter\u00e1 jsme v minulosti nav\u0161t\u00edvili, o kulturn\u00edch pam\u00e1tk\u00e1ch a pod. Knihy si [&hellip;]<\/p>\n","protected":false},"author":1,"featured_media":0,"parent":0,"menu_order":3,"comment_status":"closed","ping_status":"open","template":"","meta":{"footnotes":""},"publishpress_future_action":{"enabled":false,"date":"1970-01-01 01:00:00","action":"","terms":[],"taxonomy":"","browser_timezone_offset":0},"_links":{"self":[{"href":"http:\/\/klubrodaku.cz\/index.php?rest_route=\/wp\/v2\/pages\/18"}],"collection":[{"href":"http:\/\/klubrodaku.cz\/index.php?rest_route=\/wp\/v2\/pages"}],"about":[{"href":"http:\/\/klubrodaku.cz\/index.php?rest_route=\/wp\/v2\/types\/page"}],"author":[{"embeddable":true,"href":"http:\/\/klubrodaku.cz\/index.php?rest_route=\/wp\/v2\/users\/1"}],"replies":[{"embeddable":true,"href":"http:\/\/klubrodaku.cz\/index.php?rest_route=%2Fwp%2Fv2%2Fcomments&post=18"}],"version-history":[{"count":6,"href":"http:\/\/klubrodaku.cz\/index.php?rest_route=\/wp\/v2\/pages\/18\/revisions"}],"predecessor-version":[{"id":32,"href":"http:\/\/klubrodaku.cz\/index.php?rest_route=\/wp\/v2\/pages\/18\/revisions\/32"}],"wp:attachment":[{"href":"http:\/\/klubrodaku.cz\/index.php?rest_route=%2Fwp%2Fv2%2Fmedia&parent=18"}],"curies":[{"name":"wp","href":"https:\/\/api.w.org\/{rel}","templated":true}]}}