{"id":29,"date":"2016-04-14T13:19:02","date_gmt":"2016-04-14T13:19:02","guid":{"rendered":"http:\/\/klubrodaku.cz\/?page_id=29"},"modified":"2025-08-22T09:18:51","modified_gmt":"2025-08-22T08:18:51","slug":"kontakty","status":"publish","type":"page","link":"http:\/\/klubrodaku.cz\/?page_id=29","title":{"rendered":"Kontakty"},"content":{"rendered":"\n<p>Adresa klubu:<\/p>\n\n\n\n<p>Klub rod\u00e1k\u016f a p\u0159\u00e1tel m\u011bsta Nov\u00e9ho Ji\u010d\u00edna<br>Gener\u00e1la Hla\u010fo 2<br>741 01&nbsp; Nov\u00fd Ji\u010d\u00edn<\/p>\n\n\n\n<p><a href=\"mailto:klubrodaku@klubrodaku.cz\">klubrodaku@klubrodaku.cz<\/a><\/p>\n\n\n\n<p>Facebook:&nbsp;<a href=\"https:\/\/www.facebook.com\/klubrodakuapratelnj\/\" target=\"_blank\" rel=\"noreferrer noopener\">https:\/\/www.facebook.com\/klubrodakuapratelnj&nbsp;<\/a><\/p>\n\n\n\n<p>p\u0159edsedkyn\u011b klubu: <a href=\"mailto:dagmar.jahnova@klubrodaku.cz\">dagmar.jahnova@klubrodaku.cz<\/a><br>tel.: +420 603 852 393<\/p>\n\n\n\n<p>1. m\u00edstop\u0159edseda klubu:&nbsp;<a href=\"mailto:pavelwessely@tiscali.cz\">pavelwessely@tiscali.cz<\/a><br>tel.: +420 737 424 215<\/p>\n\n\n\n<p>2. m\u00edstop\u0159edseda klubu: <a href=\"mailto:lenka.chobotova@klubrodaku.cz\">lenka.chobotova@klubrodaku.cz<\/a><br><br><\/p>\n\n\n\n<p>I\u010cO: 60798351<br>\u010d\u00eds. \u00da\u010dtu: 556 555 554\/2010<br>IBAN:CZ42 2010 0000 0005 5655 5554 BIC: FIOBCZPPXXX<\/p>\n","protected":false},"excerpt":{"rendered":"<p>Adresa klubu: Klub rod\u00e1k\u016f a p\u0159\u00e1tel m\u011bsta Nov\u00e9ho Ji\u010d\u00ednaGener\u00e1la Hla\u010fo 2741 01&nbsp; Nov\u00fd Ji\u010d\u00edn klubrodaku@klubrodaku.cz Facebook:&nbsp;https:\/\/www.facebook.com\/klubrodakuapratelnj&nbsp; p\u0159edsedkyn\u011b klubu: dagmar.jahnova@klubrodaku.cztel.: +420 603 852 393 1. m\u00edstop\u0159edseda klubu:&nbsp;pavelwessely@tiscali.cztel.: +420 737 424 215 2. m\u00edstop\u0159edseda klubu: lenka.chobotova@klubrodaku.cz I\u010cO: 60798351\u010d\u00eds. \u00da\u010dtu: 556 555 554\/2010IBAN:CZ42 2010 0000 0005 5655 5554 BIC: FIOBCZPPXXX<\/p>\n","protected":false},"author":1,"featured_media":0,"parent":0,"menu_order":20,"comment_status":"closed","ping_status":"open","template":"","meta":{"footnotes":""},"publishpress_future_action":{"enabled":false,"date":"1970-01-01 01:00:00","action":"","terms":[],"taxonomy":"","browser_timezone_offset":0},"_links":{"self":[{"href":"http:\/\/klubrodaku.cz\/index.php?rest_route=\/wp\/v2\/pages\/29"}],"collection":[{"href":"http:\/\/klubrodaku.cz\/index.php?rest_route=\/wp\/v2\/pages"}],"about":[{"href":"http:\/\/klubrodaku.cz\/index.php?rest_route=\/wp\/v2\/types\/page"}],"author":[{"embeddable":true,"href":"http:\/\/klubrodaku.cz\/index.php?rest_route=\/wp\/v2\/users\/1"}],"replies":[{"embeddable":true,"href":"http:\/\/klubrodaku.cz\/index.php?rest_route=%2Fwp%2Fv2%2Fcomments&post=29"}],"version-history":[{"count":22,"href":"http:\/\/klubrodaku.cz\/index.php?rest_route=\/wp\/v2\/pages\/29\/revisions"}],"predecessor-version":[{"id":1428,"href":"http:\/\/klubrodaku.cz\/index.php?rest_route=\/wp\/v2\/pages\/29\/revisions\/1428"}],"wp:attachment":[{"href":"http:\/\/klubrodaku.cz\/index.php?rest_route=%2Fwp%2Fv2%2Fmedia&parent=29"}],"curies":[{"name":"wp","href":"https:\/\/api.w.org\/{rel}","templated":true}]}}