{"id":485,"date":"2019-03-26T10:00:14","date_gmt":"2019-03-26T09:00:14","guid":{"rendered":"http:\/\/klubrodaku.cz\/?page_id=485"},"modified":"2019-03-26T10:01:33","modified_gmt":"2019-03-26T09:01:33","slug":"prihlaska","status":"publish","type":"page","link":"http:\/\/klubrodaku.cz\/?page_id=485","title":{"rendered":"P\u0159ihl\u00e1\u0161ka"},"content":{"rendered":"<p>St\u00e1hn\u011bte si p\u0159ihl\u00e1\u0161ku do Klubu rod\u00e1k\u016f a p\u0159\u00e1tel m\u011bsta Nov\u00e9ho Ji\u010d\u00edna: <a href=\"http:\/\/klubrodaku.cz\/wp-content\/uploads\/2019\/03\/P\u0159ihl\u00e1\u0161ka-do-KRPMNJ-a-souhlas-podle-GDPR.pdf\">p\u0159ihl\u00e1\u0161ka ve form\u00e1tu*.pdf<\/a><\/p>\n","protected":false},"excerpt":{"rendered":"<p>St\u00e1hn\u011bte si p\u0159ihl\u00e1\u0161ku do Klubu rod\u00e1k\u016f a p\u0159\u00e1tel m\u011bsta Nov\u00e9ho Ji\u010d\u00edna: p\u0159ihl\u00e1\u0161ka ve form\u00e1tu*.pdf<\/p>\n","protected":false},"author":1,"featured_media":0,"parent":0,"menu_order":11,"comment_status":"closed","ping_status":"closed","template":"","meta":{"footnotes":""},"publishpress_future_action":{"enabled":false,"date":"1970-01-01 01:00:00","action":"","terms":[],"taxonomy":"","browser_timezone_offset":0},"_links":{"self":[{"href":"http:\/\/klubrodaku.cz\/index.php?rest_route=\/wp\/v2\/pages\/485"}],"collection":[{"href":"http:\/\/klubrodaku.cz\/index.php?rest_route=\/wp\/v2\/pages"}],"about":[{"href":"http:\/\/klubrodaku.cz\/index.php?rest_route=\/wp\/v2\/types\/page"}],"author":[{"embeddable":true,"href":"http:\/\/klubrodaku.cz\/index.php?rest_route=\/wp\/v2\/users\/1"}],"replies":[{"embeddable":true,"href":"http:\/\/klubrodaku.cz\/index.php?rest_route=%2Fwp%2Fv2%2Fcomments&post=485"}],"version-history":[{"count":1,"href":"http:\/\/klubrodaku.cz\/index.php?rest_route=\/wp\/v2\/pages\/485\/revisions"}],"predecessor-version":[{"id":487,"href":"http:\/\/klubrodaku.cz\/index.php?rest_route=\/wp\/v2\/pages\/485\/revisions\/487"}],"wp:attachment":[{"href":"http:\/\/klubrodaku.cz\/index.php?rest_route=%2Fwp%2Fv2%2Fmedia&parent=485"}],"curies":[{"name":"wp","href":"https:\/\/api.w.org\/{rel}","templated":true}]}}