{"id":939,"date":"2022-04-20T15:41:11","date_gmt":"2022-04-20T14:41:11","guid":{"rendered":"http:\/\/klubrodaku.cz\/?page_id=939"},"modified":"2022-04-20T15:49:25","modified_gmt":"2022-04-20T14:49:25","slug":"kalendar-nasich-akci","status":"publish","type":"page","link":"http:\/\/klubrodaku.cz\/?page_id=939","title":{"rendered":"Kalend\u00e1\u0159 na\u0161ich akc\u00ed"},"content":{"rendered":"\n<iframe loading=\"lazy\" src=\"https:\/\/calendar.google.com\/calendar\/embed?height=600&#038;wkst=2&#038;bgcolor=%23ffffff&#038;ctz=Europe%2FPrague&#038;mode=WEEK&#038;src=a2x1YnJvZGFrdW5qQGdtYWlsLmNvbQ&#038;color=%23A79B8E\" style=\"border-width:0\" width=\"800\" height=\"600\" frameborder=\"0\" scrolling=\"no\"><\/iframe>\n","protected":false},"excerpt":{"rendered":"","protected":false},"author":1,"featured_media":0,"parent":0,"menu_order":0,"comment_status":"closed","ping_status":"closed","template":"","meta":{"footnotes":""},"publishpress_future_action":{"enabled":false,"date":"1970-01-01 01:00:00","action":"","terms":[],"taxonomy":"","browser_timezone_offset":0},"_links":{"self":[{"href":"http:\/\/klubrodaku.cz\/index.php?rest_route=\/wp\/v2\/pages\/939"}],"collection":[{"href":"http:\/\/klubrodaku.cz\/index.php?rest_route=\/wp\/v2\/pages"}],"about":[{"href":"http:\/\/klubrodaku.cz\/index.php?rest_route=\/wp\/v2\/types\/page"}],"author":[{"embeddable":true,"href":"http:\/\/klubrodaku.cz\/index.php?rest_route=\/wp\/v2\/users\/1"}],"replies":[{"embeddable":true,"href":"http:\/\/klubrodaku.cz\/index.php?rest_route=%2Fwp%2Fv2%2Fcomments&post=939"}],"version-history":[{"count":3,"href":"http:\/\/klubrodaku.cz\/index.php?rest_route=\/wp\/v2\/pages\/939\/revisions"}],"predecessor-version":[{"id":942,"href":"http:\/\/klubrodaku.cz\/index.php?rest_route=\/wp\/v2\/pages\/939\/revisions\/942"}],"wp:attachment":[{"href":"http:\/\/klubrodaku.cz\/index.php?rest_route=%2Fwp%2Fv2%2Fmedia&parent=939"}],"curies":[{"name":"wp","href":"https:\/\/api.w.org\/{rel}","templated":true}]}}